{"id":804,"date":"2024-01-14T22:38:38","date_gmt":"2024-01-14T22:38:38","guid":{"rendered":"https:\/\/demiparati.ch\/?page_id=804"},"modified":"2024-01-23T10:11:28","modified_gmt":"2024-01-23T10:11:28","slug":"handgefertigter-ring","status":"publish","type":"page","link":"https:\/\/demiparati.ch\/?page_id=804","title":{"rendered":"Handgefertigter Ring"},"content":{"rendered":"<blockquote>\n<p style=\"text-align: center;\"><strong>Anwendung von Natursteinen<\/strong><\/p>\n<p>&#8230;..mit hochwertigen Materialien, die nicht an Farbe verlieren.<\/p>\n<h3 style=\"text-align: center;\"><strong>CHF 9.-<\/strong><\/h3>\n<\/blockquote>\n<p><img loading=\"lazy\" decoding=\"async\" class=\"size-medium wp-image-905 aligncenter\" src=\"https:\/\/demiparati.ch\/wp-content\/uploads\/2024\/01\/20240110_154115-300x225.jpg\" alt=\"\" width=\"300\" height=\"225\" srcset=\"https:\/\/demiparati.ch\/wp-content\/uploads\/2024\/01\/20240110_154115-300x225.jpg 300w, https:\/\/demiparati.ch\/wp-content\/uploads\/2024\/01\/20240110_154115-1024x768.jpg 1024w, https:\/\/demiparati.ch\/wp-content\/uploads\/2024\/01\/20240110_154115-768x576.jpg 768w, https:\/\/demiparati.ch\/wp-content\/uploads\/2024\/01\/20240110_154115-1536x1152.jpg 1536w, https:\/\/demiparati.ch\/wp-content\/uploads\/2024\/01\/20240110_154115-2048x1536.jpg 2048w, https:\/\/demiparati.ch\/wp-content\/uploads\/2024\/01\/20240110_154115-600x450.jpg 600w\" sizes=\"auto, (max-width: 300px) 100vw, 300px\" \/><\/p>\n<p style=\"text-align: center;\"><span class=\"Y2IQFc\" lang=\"de\">Produktcode : HR12-GB (Ambar)<\/span><\/p>\n<p>&nbsp;<\/p>\n<p><img loading=\"lazy\" decoding=\"async\" class=\"size-medium wp-image-906 aligncenter\" src=\"https:\/\/demiparati.ch\/wp-content\/uploads\/2024\/01\/20240110_153833-225x300.jpg\" alt=\"\" width=\"225\" height=\"300\" srcset=\"https:\/\/demiparati.ch\/wp-content\/uploads\/2024\/01\/20240110_153833-225x300.jpg 225w, https:\/\/demiparati.ch\/wp-content\/uploads\/2024\/01\/20240110_153833-768x1024.jpg 768w, https:\/\/demiparati.ch\/wp-content\/uploads\/2024\/01\/20240110_153833-1152x1536.jpg 1152w, https:\/\/demiparati.ch\/wp-content\/uploads\/2024\/01\/20240110_153833-1536x2048.jpg 1536w, https:\/\/demiparati.ch\/wp-content\/uploads\/2024\/01\/20240110_153833-600x800.jpg 600w, https:\/\/demiparati.ch\/wp-content\/uploads\/2024\/01\/20240110_153833-scaled.jpg 1920w\" sizes=\"auto, (max-width: 225px) 100vw, 225px\" \/><\/p>\n<p style=\"text-align: center;\"><span class=\"Y2IQFc\" lang=\"de\">Produktcode : HR11-GQL (AZUL)<\/span><\/p>\n<p>&nbsp;<\/p>\n<p><img loading=\"lazy\" decoding=\"async\" class=\"size-medium wp-image-907 aligncenter\" src=\"https:\/\/demiparati.ch\/wp-content\/uploads\/2024\/01\/20240110_154128-300x225.jpg\" alt=\"\" width=\"300\" height=\"225\" srcset=\"https:\/\/demiparati.ch\/wp-content\/uploads\/2024\/01\/20240110_154128-300x225.jpg 300w, https:\/\/demiparati.ch\/wp-content\/uploads\/2024\/01\/20240110_154128-1024x768.jpg 1024w, https:\/\/demiparati.ch\/wp-content\/uploads\/2024\/01\/20240110_154128-768x576.jpg 768w, https:\/\/demiparati.ch\/wp-content\/uploads\/2024\/01\/20240110_154128-1536x1152.jpg 1536w, https:\/\/demiparati.ch\/wp-content\/uploads\/2024\/01\/20240110_154128-2048x1536.jpg 2048w, https:\/\/demiparati.ch\/wp-content\/uploads\/2024\/01\/20240110_154128-600x450.jpg 600w\" sizes=\"auto, (max-width: 300px) 100vw, 300px\" \/><\/p>\n<p style=\"text-align: center;\"><span class=\"Y2IQFc\" lang=\"de\">Produktcode : HR10-CJA (LILA)<\/span><\/p>\n<p>&nbsp;<\/p>\n<p><img loading=\"lazy\" decoding=\"async\" class=\"size-medium wp-image-908 aligncenter\" src=\"https:\/\/demiparati.ch\/wp-content\/uploads\/2024\/01\/20240110_154140-300x225.jpg\" alt=\"\" width=\"300\" height=\"225\" srcset=\"https:\/\/demiparati.ch\/wp-content\/uploads\/2024\/01\/20240110_154140-300x225.jpg 300w, https:\/\/demiparati.ch\/wp-content\/uploads\/2024\/01\/20240110_154140-1024x768.jpg 1024w, https:\/\/demiparati.ch\/wp-content\/uploads\/2024\/01\/20240110_154140-768x576.jpg 768w, https:\/\/demiparati.ch\/wp-content\/uploads\/2024\/01\/20240110_154140-1536x1152.jpg 1536w, https:\/\/demiparati.ch\/wp-content\/uploads\/2024\/01\/20240110_154140-2048x1536.jpg 2048w, https:\/\/demiparati.ch\/wp-content\/uploads\/2024\/01\/20240110_154140-600x450.jpg 600w\" sizes=\"auto, (max-width: 300px) 100vw, 300px\" \/><\/p>\n<p style=\"text-align: center;\"><span class=\"Y2IQFc\" lang=\"de\">Produktcode : HR09-GCJ (RED G.)<\/span><\/p>\n<p>&nbsp;<\/p>\n<p style=\"text-align: center;\">Es ist m\u00f6glich, die Farbe (zwischen Silber und Gold) zu w\u00e4hlen. den Stein Ihrer Wahl und die Gr\u00f6\u00dfe im Durchmesser. Geben Sie einfach Ihre Bestellung auf und holen Sie sie dann ab oder wir k\u00f6nnen sie gegen einen Aufpreis von CHF 2.- an Ihre Haust\u00fcr schicken.<\/p>\n<p>&nbsp;<\/p>\n<p><img loading=\"lazy\" decoding=\"async\" class=\"size-medium wp-image-909 aligncenter\" src=\"https:\/\/demiparati.ch\/wp-content\/uploads\/2024\/01\/20240110_154159-300x225.jpg\" alt=\"\" width=\"300\" height=\"225\" srcset=\"https:\/\/demiparati.ch\/wp-content\/uploads\/2024\/01\/20240110_154159-300x225.jpg 300w, https:\/\/demiparati.ch\/wp-content\/uploads\/2024\/01\/20240110_154159-1024x768.jpg 1024w, https:\/\/demiparati.ch\/wp-content\/uploads\/2024\/01\/20240110_154159-768x576.jpg 768w, https:\/\/demiparati.ch\/wp-content\/uploads\/2024\/01\/20240110_154159-1536x1152.jpg 1536w, https:\/\/demiparati.ch\/wp-content\/uploads\/2024\/01\/20240110_154159-2048x1536.jpg 2048w, https:\/\/demiparati.ch\/wp-content\/uploads\/2024\/01\/20240110_154159-600x450.jpg 600w\" sizes=\"auto, (max-width: 300px) 100vw, 300px\" \/><\/p>\n<p style=\"text-align: center;\"><span class=\"Y2IQFc\" lang=\"de\">Produktcode : HR08-GC (ORANGE)<\/span><\/p>\n<p>&nbsp;<\/p>\n<p><img loading=\"lazy\" decoding=\"async\" class=\"size-medium wp-image-910 aligncenter\" src=\"https:\/\/demiparati.ch\/wp-content\/uploads\/2024\/01\/20240110_154518-300x225.jpg\" alt=\"\" width=\"300\" height=\"225\" srcset=\"https:\/\/demiparati.ch\/wp-content\/uploads\/2024\/01\/20240110_154518-300x225.jpg 300w, https:\/\/demiparati.ch\/wp-content\/uploads\/2024\/01\/20240110_154518-1024x768.jpg 1024w, https:\/\/demiparati.ch\/wp-content\/uploads\/2024\/01\/20240110_154518-768x576.jpg 768w, https:\/\/demiparati.ch\/wp-content\/uploads\/2024\/01\/20240110_154518-1536x1152.jpg 1536w, https:\/\/demiparati.ch\/wp-content\/uploads\/2024\/01\/20240110_154518-2048x1536.jpg 2048w, https:\/\/demiparati.ch\/wp-content\/uploads\/2024\/01\/20240110_154518-600x450.jpg 600w\" sizes=\"auto, (max-width: 300px) 100vw, 300px\" \/><\/p>\n<p style=\"text-align: center;\"><span class=\"Y2IQFc\" lang=\"de\">Produktcode : HR07-GAQ (BLACK)<\/span><\/p>\n<p>&nbsp;<\/p>\n<p><img loading=\"lazy\" decoding=\"async\" class=\"size-medium wp-image-911 aligncenter\" src=\"https:\/\/demiparati.ch\/wp-content\/uploads\/2024\/01\/20240110_154351-300x225.jpg\" alt=\"\" width=\"300\" height=\"225\" srcset=\"https:\/\/demiparati.ch\/wp-content\/uploads\/2024\/01\/20240110_154351-300x225.jpg 300w, https:\/\/demiparati.ch\/wp-content\/uploads\/2024\/01\/20240110_154351-1024x768.jpg 1024w, https:\/\/demiparati.ch\/wp-content\/uploads\/2024\/01\/20240110_154351-768x576.jpg 768w, https:\/\/demiparati.ch\/wp-content\/uploads\/2024\/01\/20240110_154351-1536x1152.jpg 1536w, https:\/\/demiparati.ch\/wp-content\/uploads\/2024\/01\/20240110_154351-2048x1536.jpg 2048w, https:\/\/demiparati.ch\/wp-content\/uploads\/2024\/01\/20240110_154351-600x450.jpg 600w\" sizes=\"auto, (max-width: 300px) 100vw, 300px\" \/><\/p>\n<p style=\"text-align: center;\"><span class=\"Y2IQFc\" lang=\"de\">Produktcode : HR06-GAJ (BLACK)<\/span><\/p>\n<p>&nbsp;<\/p>\n<p><img loading=\"lazy\" decoding=\"async\" class=\"size-medium wp-image-912 aligncenter\" src=\"https:\/\/demiparati.ch\/wp-content\/uploads\/2024\/01\/20240110_154307-300x225.jpg\" alt=\"\" width=\"300\" height=\"225\" srcset=\"https:\/\/demiparati.ch\/wp-content\/uploads\/2024\/01\/20240110_154307-300x225.jpg 300w, https:\/\/demiparati.ch\/wp-content\/uploads\/2024\/01\/20240110_154307-1024x768.jpg 1024w, https:\/\/demiparati.ch\/wp-content\/uploads\/2024\/01\/20240110_154307-768x576.jpg 768w, https:\/\/demiparati.ch\/wp-content\/uploads\/2024\/01\/20240110_154307-1536x1152.jpg 1536w, https:\/\/demiparati.ch\/wp-content\/uploads\/2024\/01\/20240110_154307-2048x1536.jpg 2048w, https:\/\/demiparati.ch\/wp-content\/uploads\/2024\/01\/20240110_154307-600x450.jpg 600w\" sizes=\"auto, (max-width: 300px) 100vw, 300px\" \/><\/p>\n<p style=\"text-align: center;\"><span class=\"Y2IQFc\" lang=\"de\">Produktcode : HR05-GQ (PINK)<\/span><\/p>\n<p>&nbsp;<\/p>\n<p><img loading=\"lazy\" decoding=\"async\" class=\"size-medium wp-image-913 aligncenter\" src=\"https:\/\/demiparati.ch\/wp-content\/uploads\/2024\/01\/20240110_154231-300x225.jpg\" alt=\"\" width=\"300\" height=\"225\" srcset=\"https:\/\/demiparati.ch\/wp-content\/uploads\/2024\/01\/20240110_154231-300x225.jpg 300w, https:\/\/demiparati.ch\/wp-content\/uploads\/2024\/01\/20240110_154231-1024x768.jpg 1024w, https:\/\/demiparati.ch\/wp-content\/uploads\/2024\/01\/20240110_154231-768x576.jpg 768w, https:\/\/demiparati.ch\/wp-content\/uploads\/2024\/01\/20240110_154231-1536x1152.jpg 1536w, https:\/\/demiparati.ch\/wp-content\/uploads\/2024\/01\/20240110_154231-2048x1536.jpg 2048w, https:\/\/demiparati.ch\/wp-content\/uploads\/2024\/01\/20240110_154231-600x450.jpg 600w\" sizes=\"auto, (max-width: 300px) 100vw, 300px\" \/><\/p>\n<p style=\"text-align: center;\"><span class=\"Y2IQFc\" lang=\"de\">Produktcode : HR04-GJQ (PINK)<\/span><\/p>\n<p>&nbsp;<\/p>\n<p><img loading=\"lazy\" decoding=\"async\" class=\"size-medium wp-image-914 aligncenter\" src=\"https:\/\/demiparati.ch\/wp-content\/uploads\/2024\/01\/20240110_154217-300x225.jpg\" alt=\"\" width=\"300\" height=\"225\" srcset=\"https:\/\/demiparati.ch\/wp-content\/uploads\/2024\/01\/20240110_154217-300x225.jpg 300w, https:\/\/demiparati.ch\/wp-content\/uploads\/2024\/01\/20240110_154217-1024x768.jpg 1024w, https:\/\/demiparati.ch\/wp-content\/uploads\/2024\/01\/20240110_154217-768x576.jpg 768w, https:\/\/demiparati.ch\/wp-content\/uploads\/2024\/01\/20240110_154217-1536x1152.jpg 1536w, https:\/\/demiparati.ch\/wp-content\/uploads\/2024\/01\/20240110_154217-2048x1536.jpg 2048w, https:\/\/demiparati.ch\/wp-content\/uploads\/2024\/01\/20240110_154217-600x450.jpg 600w\" sizes=\"auto, (max-width: 300px) 100vw, 300px\" \/><\/p>\n<p style=\"text-align: center;\"><span class=\"Y2IQFc\" lang=\"de\">Produktcode : HR03-GC (RED)<\/span><\/p>\n<p>&nbsp;<\/p>\n<p><img loading=\"lazy\" decoding=\"async\" class=\"size-medium wp-image-917 aligncenter\" src=\"https:\/\/demiparati.ch\/wp-content\/uploads\/2024\/01\/anillo-2-279x300.jpg\" alt=\"\" width=\"279\" height=\"300\" srcset=\"https:\/\/demiparati.ch\/wp-content\/uploads\/2024\/01\/anillo-2-279x300.jpg 279w, https:\/\/demiparati.ch\/wp-content\/uploads\/2024\/01\/anillo-2.jpg 530w\" sizes=\"auto, (max-width: 279px) 100vw, 279px\" \/><\/p>\n<p style=\"text-align: center;\"><span class=\"Y2IQFc\" lang=\"de\">Produktcode : HR02-GQ <strong>SOLD<\/strong><\/span><\/p>\n<p>&nbsp;<\/p>\n<p><img loading=\"lazy\" decoding=\"async\" class=\"size-medium wp-image-919 aligncenter\" src=\"https:\/\/demiparati.ch\/wp-content\/uploads\/2024\/01\/anillo1-289x300.jpg\" alt=\"\" width=\"289\" height=\"300\" srcset=\"https:\/\/demiparati.ch\/wp-content\/uploads\/2024\/01\/anillo1-289x300.jpg 289w, https:\/\/demiparati.ch\/wp-content\/uploads\/2024\/01\/anillo1-600x624.jpg 600w, https:\/\/demiparati.ch\/wp-content\/uploads\/2024\/01\/anillo1.jpg 632w\" sizes=\"auto, (max-width: 289px) 100vw, 289px\" \/><\/p>\n<p style=\"text-align: center;\"><span class=\"Y2IQFc\" lang=\"de\">Produktcode : HR01-GP \/<strong> SOLD<\/strong><\/span><\/p>\n<p>&nbsp;<\/p>\n<p><img loading=\"lazy\" decoding=\"async\" class=\"size-medium wp-image-930 aligncenter\" src=\"https:\/\/demiparati.ch\/wp-content\/uploads\/2024\/01\/20240123_1020351-300x266.jpg\" alt=\"\" width=\"300\" height=\"266\" srcset=\"https:\/\/demiparati.ch\/wp-content\/uploads\/2024\/01\/20240123_1020351-300x266.jpg 300w, https:\/\/demiparati.ch\/wp-content\/uploads\/2024\/01\/20240123_1020351-1024x907.jpg 1024w, https:\/\/demiparati.ch\/wp-content\/uploads\/2024\/01\/20240123_1020351-768x680.jpg 768w, https:\/\/demiparati.ch\/wp-content\/uploads\/2024\/01\/20240123_1020351-1536x1361.jpg 1536w, https:\/\/demiparati.ch\/wp-content\/uploads\/2024\/01\/20240123_1020351-2048x1815.jpg 2048w, https:\/\/demiparati.ch\/wp-content\/uploads\/2024\/01\/20240123_1020351-600x532.jpg 600w\" sizes=\"auto, (max-width: 300px) 100vw, 300px\" \/><\/p>\n<p><img loading=\"lazy\" decoding=\"async\" class=\"size-medium wp-image-931 aligncenter\" src=\"https:\/\/demiparati.ch\/wp-content\/uploads\/2024\/01\/20240123_1015041-284x300.jpg\" alt=\"\" width=\"284\" height=\"300\" srcset=\"https:\/\/demiparati.ch\/wp-content\/uploads\/2024\/01\/20240123_1015041-284x300.jpg 284w, https:\/\/demiparati.ch\/wp-content\/uploads\/2024\/01\/20240123_1015041-971x1024.jpg 971w, https:\/\/demiparati.ch\/wp-content\/uploads\/2024\/01\/20240123_1015041-768x810.jpg 768w, https:\/\/demiparati.ch\/wp-content\/uploads\/2024\/01\/20240123_1015041-1456x1536.jpg 1456w, https:\/\/demiparati.ch\/wp-content\/uploads\/2024\/01\/20240123_1015041-1941x2048.jpg 1941w, https:\/\/demiparati.ch\/wp-content\/uploads\/2024\/01\/20240123_1015041-600x633.jpg 600w\" sizes=\"auto, (max-width: 284px) 100vw, 284px\" \/><\/p>\n<p><img loading=\"lazy\" decoding=\"async\" class=\"size-medium wp-image-939 aligncenter\" src=\"https:\/\/demiparati.ch\/wp-content\/uploads\/2024\/01\/20240123_1010121-300x225.jpg\" alt=\"\" width=\"300\" height=\"225\" srcset=\"https:\/\/demiparati.ch\/wp-content\/uploads\/2024\/01\/20240123_1010121-300x225.jpg 300w, https:\/\/demiparati.ch\/wp-content\/uploads\/2024\/01\/20240123_1010121-1024x768.jpg 1024w, https:\/\/demiparati.ch\/wp-content\/uploads\/2024\/01\/20240123_1010121-768x576.jpg 768w, https:\/\/demiparati.ch\/wp-content\/uploads\/2024\/01\/20240123_1010121-1536x1152.jpg 1536w, https:\/\/demiparati.ch\/wp-content\/uploads\/2024\/01\/20240123_1010121-2048x1536.jpg 2048w, https:\/\/demiparati.ch\/wp-content\/uploads\/2024\/01\/20240123_1010121-600x450.jpg 600w\" sizes=\"auto, (max-width: 300px) 100vw, 300px\" \/><\/p>\n<p><img loading=\"lazy\" decoding=\"async\" class=\"size-medium wp-image-932 aligncenter\" src=\"https:\/\/demiparati.ch\/wp-content\/uploads\/2024\/01\/20240123_1009491-300x225.jpg\" alt=\"\" width=\"300\" height=\"225\" srcset=\"https:\/\/demiparati.ch\/wp-content\/uploads\/2024\/01\/20240123_1009491-300x225.jpg 300w, https:\/\/demiparati.ch\/wp-content\/uploads\/2024\/01\/20240123_1009491-1024x768.jpg 1024w, https:\/\/demiparati.ch\/wp-content\/uploads\/2024\/01\/20240123_1009491-768x576.jpg 768w, https:\/\/demiparati.ch\/wp-content\/uploads\/2024\/01\/20240123_1009491-1536x1152.jpg 1536w, https:\/\/demiparati.ch\/wp-content\/uploads\/2024\/01\/20240123_1009491-2048x1536.jpg 2048w, https:\/\/demiparati.ch\/wp-content\/uploads\/2024\/01\/20240123_1009491-600x450.jpg 600w\" sizes=\"auto, (max-width: 300px) 100vw, 300px\" \/><\/p>\n<p><img loading=\"lazy\" decoding=\"async\" class=\"size-medium wp-image-933 aligncenter\" src=\"https:\/\/demiparati.ch\/wp-content\/uploads\/2024\/01\/20240123_1009131-300x225.jpg\" alt=\"\" width=\"300\" height=\"225\" srcset=\"https:\/\/demiparati.ch\/wp-content\/uploads\/2024\/01\/20240123_1009131-300x225.jpg 300w, https:\/\/demiparati.ch\/wp-content\/uploads\/2024\/01\/20240123_1009131-1024x768.jpg 1024w, https:\/\/demiparati.ch\/wp-content\/uploads\/2024\/01\/20240123_1009131-768x576.jpg 768w, https:\/\/demiparati.ch\/wp-content\/uploads\/2024\/01\/20240123_1009131-1536x1152.jpg 1536w, https:\/\/demiparati.ch\/wp-content\/uploads\/2024\/01\/20240123_1009131-2048x1536.jpg 2048w, https:\/\/demiparati.ch\/wp-content\/uploads\/2024\/01\/20240123_1009131-600x450.jpg 600w\" sizes=\"auto, (max-width: 300px) 100vw, 300px\" \/><\/p>\n<p><img loading=\"lazy\" decoding=\"async\" class=\"aligncenter wp-image-934 size-medium\" src=\"https:\/\/demiparati.ch\/wp-content\/uploads\/2024\/01\/20240123_1003561-scaled-e1706004671254-300x225.jpg\" alt=\"\" width=\"300\" height=\"225\" srcset=\"https:\/\/demiparati.ch\/wp-content\/uploads\/2024\/01\/20240123_1003561-scaled-e1706004671254-300x225.jpg 300w, https:\/\/demiparati.ch\/wp-content\/uploads\/2024\/01\/20240123_1003561-scaled-e1706004671254-1024x768.jpg 1024w, https:\/\/demiparati.ch\/wp-content\/uploads\/2024\/01\/20240123_1003561-scaled-e1706004671254-768x576.jpg 768w, https:\/\/demiparati.ch\/wp-content\/uploads\/2024\/01\/20240123_1003561-scaled-e1706004671254-1536x1152.jpg 1536w, https:\/\/demiparati.ch\/wp-content\/uploads\/2024\/01\/20240123_1003561-scaled-e1706004671254-2048x1536.jpg 2048w, https:\/\/demiparati.ch\/wp-content\/uploads\/2024\/01\/20240123_1003561-scaled-e1706004671254-600x450.jpg 600w\" sizes=\"auto, (max-width: 300px) 100vw, 300px\" \/><\/p>\n<p><img loading=\"lazy\" decoding=\"async\" class=\"aligncenter wp-image-935 size-medium\" src=\"https:\/\/demiparati.ch\/wp-content\/uploads\/2024\/01\/20240123_1005511-scaled-e1706004521979-300x196.jpg\" alt=\"\" width=\"300\" height=\"196\" srcset=\"https:\/\/demiparati.ch\/wp-content\/uploads\/2024\/01\/20240123_1005511-scaled-e1706004521979-300x196.jpg 300w, https:\/\/demiparati.ch\/wp-content\/uploads\/2024\/01\/20240123_1005511-scaled-e1706004521979-1024x668.jpg 1024w, https:\/\/demiparati.ch\/wp-content\/uploads\/2024\/01\/20240123_1005511-scaled-e1706004521979-768x501.jpg 768w, https:\/\/demiparati.ch\/wp-content\/uploads\/2024\/01\/20240123_1005511-scaled-e1706004521979-1536x1002.jpg 1536w, https:\/\/demiparati.ch\/wp-content\/uploads\/2024\/01\/20240123_1005511-scaled-e1706004521979-2048x1336.jpg 2048w, https:\/\/demiparati.ch\/wp-content\/uploads\/2024\/01\/20240123_1005511-scaled-e1706004521979-600x391.jpg 600w\" sizes=\"auto, (max-width: 300px) 100vw, 300px\" \/><\/p>\n<p><img loading=\"lazy\" decoding=\"async\" class=\"aligncenter wp-image-936 size-medium\" src=\"https:\/\/demiparati.ch\/wp-content\/uploads\/2024\/01\/20240123_1007401-scaled-e1706004552717-300x269.jpg\" alt=\"\" width=\"300\" height=\"269\" srcset=\"https:\/\/demiparati.ch\/wp-content\/uploads\/2024\/01\/20240123_1007401-scaled-e1706004552717-300x269.jpg 300w, https:\/\/demiparati.ch\/wp-content\/uploads\/2024\/01\/20240123_1007401-scaled-e1706004552717-1024x920.jpg 1024w, https:\/\/demiparati.ch\/wp-content\/uploads\/2024\/01\/20240123_1007401-scaled-e1706004552717-768x690.jpg 768w, https:\/\/demiparati.ch\/wp-content\/uploads\/2024\/01\/20240123_1007401-scaled-e1706004552717-1536x1379.jpg 1536w, https:\/\/demiparati.ch\/wp-content\/uploads\/2024\/01\/20240123_1007401-scaled-e1706004552717-2048x1839.jpg 2048w, https:\/\/demiparati.ch\/wp-content\/uploads\/2024\/01\/20240123_1007401-scaled-e1706004552717-600x539.jpg 600w\" sizes=\"auto, (max-width: 300px) 100vw, 300px\" \/><\/p>\n<p>&nbsp;<\/p>\n<p><img loading=\"lazy\" decoding=\"async\" class=\"size-medium wp-image-938 aligncenter\" src=\"https:\/\/demiparati.ch\/wp-content\/uploads\/2024\/01\/20240123_1009281-300x225.jpg\" alt=\"\" width=\"300\" height=\"225\" srcset=\"https:\/\/demiparati.ch\/wp-content\/uploads\/2024\/01\/20240123_1009281-300x225.jpg 300w, https:\/\/demiparati.ch\/wp-content\/uploads\/2024\/01\/20240123_1009281-1024x768.jpg 1024w, https:\/\/demiparati.ch\/wp-content\/uploads\/2024\/01\/20240123_1009281-768x576.jpg 768w, https:\/\/demiparati.ch\/wp-content\/uploads\/2024\/01\/20240123_1009281-1536x1152.jpg 1536w, https:\/\/demiparati.ch\/wp-content\/uploads\/2024\/01\/20240123_1009281-2048x1536.jpg 2048w, https:\/\/demiparati.ch\/wp-content\/uploads\/2024\/01\/20240123_1009281-600x450.jpg 600w\" sizes=\"auto, (max-width: 300px) 100vw, 300px\" \/><\/p>\n<p style=\"text-align: center;\">Cash oder Twint<\/p>\n<p style=\"text-align: center;\">Um einen Termin zu vereinbaren oder Ihre Bestellung aufzugeben mit dem Produkt Code, senden Sie bitte:<br \/>\nwhatsapp <strong>+41 79 880 6006<\/strong><br \/>\nemail : <strong>carolina@demiparati.ch<\/strong><\/p>\n<p>&nbsp;<\/p>\n<p><img loading=\"lazy\" decoding=\"async\" class=\"aligncenter wp-image-942 size-medium\" src=\"https:\/\/demiparati.ch\/wp-content\/uploads\/2024\/01\/20240123_1001091-scaled-e1706004620951-300x234.jpg\" alt=\"\" width=\"300\" height=\"234\" srcset=\"https:\/\/demiparati.ch\/wp-content\/uploads\/2024\/01\/20240123_1001091-scaled-e1706004620951-300x234.jpg 300w, https:\/\/demiparati.ch\/wp-content\/uploads\/2024\/01\/20240123_1001091-scaled-e1706004620951-1024x800.jpg 1024w, https:\/\/demiparati.ch\/wp-content\/uploads\/2024\/01\/20240123_1001091-scaled-e1706004620951-768x600.jpg 768w, https:\/\/demiparati.ch\/wp-content\/uploads\/2024\/01\/20240123_1001091-scaled-e1706004620951-1536x1199.jpg 1536w, https:\/\/demiparati.ch\/wp-content\/uploads\/2024\/01\/20240123_1001091-scaled-e1706004620951-600x469.jpg 600w, https:\/\/demiparati.ch\/wp-content\/uploads\/2024\/01\/20240123_1001091-scaled-e1706004620951.jpg 1830w\" sizes=\"auto, (max-width: 300px) 100vw, 300px\" \/><\/p>\n<p style=\"text-align: center;\"><span class=\"Y2IQFc\" lang=\"de\"><strong>SOLD<\/strong><\/span><\/p>\n<p><img loading=\"lazy\" decoding=\"async\" class=\"aligncenter wp-image-941 size-medium\" src=\"https:\/\/demiparati.ch\/wp-content\/uploads\/2024\/01\/20240123_0951481-1-scaled-e1706004642797-300x183.jpg\" alt=\"\" width=\"300\" height=\"183\" srcset=\"https:\/\/demiparati.ch\/wp-content\/uploads\/2024\/01\/20240123_0951481-1-scaled-e1706004642797-300x183.jpg 300w, https:\/\/demiparati.ch\/wp-content\/uploads\/2024\/01\/20240123_0951481-1-scaled-e1706004642797-1024x623.jpg 1024w, https:\/\/demiparati.ch\/wp-content\/uploads\/2024\/01\/20240123_0951481-1-scaled-e1706004642797-768x467.jpg 768w, https:\/\/demiparati.ch\/wp-content\/uploads\/2024\/01\/20240123_0951481-1-scaled-e1706004642797-1536x935.jpg 1536w, https:\/\/demiparati.ch\/wp-content\/uploads\/2024\/01\/20240123_0951481-1-scaled-e1706004642797-2048x1246.jpg 2048w, https:\/\/demiparati.ch\/wp-content\/uploads\/2024\/01\/20240123_0951481-1-scaled-e1706004642797-600x365.jpg 600w\" sizes=\"auto, (max-width: 300px) 100vw, 300px\" \/><\/p>\n<p style=\"text-align: center;\"><span class=\"Y2IQFc\" lang=\"de\"><strong>SOLD<\/strong><\/span><\/p>\n","protected":false},"excerpt":{"rendered":"<p>Anwendung von Natursteinen &#8230;..mit hochwertigen Materialien, die nicht an Farbe verlieren. CHF 9.- Produktcode : HR12-GB (Ambar) &nbsp; Produktcode : HR11-GQL (AZUL) &nbsp; Produktcode : HR10-CJA (LILA) &nbsp; Produktcode : HR09-GCJ (RED G.) &nbsp; Es ist m\u00f6glich, die Farbe (zwischen Silber und Gold) zu w\u00e4hlen. den Stein Ihrer Wahl und die Gr\u00f6\u00dfe im Durchmesser. Geben&hellip;<\/p>\n","protected":false},"author":1,"featured_media":915,"parent":0,"menu_order":0,"comment_status":"closed","ping_status":"closed","template":"","meta":{"footnotes":""},"class_list":["post-804","page","type-page","status-publish","has-post-thumbnail","hentry"],"_links":{"self":[{"href":"https:\/\/demiparati.ch\/index.php?rest_route=\/wp\/v2\/pages\/804","targetHints":{"allow":["GET"]}}],"collection":[{"href":"https:\/\/demiparati.ch\/index.php?rest_route=\/wp\/v2\/pages"}],"about":[{"href":"https:\/\/demiparati.ch\/index.php?rest_route=\/wp\/v2\/types\/page"}],"author":[{"embeddable":true,"href":"https:\/\/demiparati.ch\/index.php?rest_route=\/wp\/v2\/users\/1"}],"replies":[{"embeddable":true,"href":"https:\/\/demiparati.ch\/index.php?rest_route=%2Fwp%2Fv2%2Fcomments&post=804"}],"version-history":[{"count":5,"href":"https:\/\/demiparati.ch\/index.php?rest_route=\/wp\/v2\/pages\/804\/revisions"}],"predecessor-version":[{"id":916,"href":"https:\/\/demiparati.ch\/index.php?rest_route=\/wp\/v2\/pages\/804\/revisions\/916"}],"wp:featuredmedia":[{"embeddable":true,"href":"https:\/\/demiparati.ch\/index.php?rest_route=\/wp\/v2\/media\/915"}],"wp:attachment":[{"href":"https:\/\/demiparati.ch\/index.php?rest_route=%2Fwp%2Fv2%2Fmedia&parent=804"}],"curies":[{"name":"wp","href":"https:\/\/api.w.org\/{rel}","templated":true}]}}