{"id":792,"date":"2024-01-14T22:25:32","date_gmt":"2024-01-14T22:25:32","guid":{"rendered":"https:\/\/demiparati.ch\/?page_id=792"},"modified":"2024-01-16T17:55:21","modified_gmt":"2024-01-16T17:55:21","slug":"kerzen-aus-100-bienenwachs","status":"publish","type":"page","link":"https:\/\/demiparati.ch\/?page_id=792","title":{"rendered":"Kerzen aus 100 % Bienenwachs"},"content":{"rendered":"<blockquote>\n<h3 style=\"text-align: center;\">Handgefertigte Kerzen<\/h3>\n<\/blockquote>\n<p style=\"text-align: center;\">Preise zwischen<strong> CHF 7.- und CHF 15.-<\/strong><\/p>\n<p><img loading=\"lazy\" decoding=\"async\" class=\"size-medium wp-image-820 aligncenter\" src=\"https:\/\/demiparati.ch\/wp-content\/uploads\/2024\/01\/20240108_163314-225x300.jpg\" alt=\"\" width=\"225\" height=\"300\" srcset=\"https:\/\/demiparati.ch\/wp-content\/uploads\/2024\/01\/20240108_163314-225x300.jpg 225w, https:\/\/demiparati.ch\/wp-content\/uploads\/2024\/01\/20240108_163314-768x1024.jpg 768w, https:\/\/demiparati.ch\/wp-content\/uploads\/2024\/01\/20240108_163314-1152x1536.jpg 1152w, https:\/\/demiparati.ch\/wp-content\/uploads\/2024\/01\/20240108_163314-1536x2048.jpg 1536w, https:\/\/demiparati.ch\/wp-content\/uploads\/2024\/01\/20240108_163314-600x800.jpg 600w, https:\/\/demiparati.ch\/wp-content\/uploads\/2024\/01\/20240108_163314-scaled.jpg 1920w\" sizes=\"auto, (max-width: 225px) 100vw, 225px\" \/><\/p>\n<p style=\"text-align: center;\">\nRecycelte Gl\u00e4ser<\/p>\n<p>&nbsp;<\/p>\n<p><img loading=\"lazy\" decoding=\"async\" class=\"size-medium wp-image-819 aligncenter\" src=\"https:\/\/demiparati.ch\/wp-content\/uploads\/2024\/01\/20240108_162936-225x300.jpg\" alt=\"\" width=\"225\" height=\"300\" srcset=\"https:\/\/demiparati.ch\/wp-content\/uploads\/2024\/01\/20240108_162936-225x300.jpg 225w, https:\/\/demiparati.ch\/wp-content\/uploads\/2024\/01\/20240108_162936-768x1024.jpg 768w, https:\/\/demiparati.ch\/wp-content\/uploads\/2024\/01\/20240108_162936-1152x1536.jpg 1152w, https:\/\/demiparati.ch\/wp-content\/uploads\/2024\/01\/20240108_162936-1536x2048.jpg 1536w, https:\/\/demiparati.ch\/wp-content\/uploads\/2024\/01\/20240108_162936-600x800.jpg 600w, https:\/\/demiparati.ch\/wp-content\/uploads\/2024\/01\/20240108_162936-scaled.jpg 1920w\" sizes=\"auto, (max-width: 225px) 100vw, 225px\" \/><\/p>\n<p>&nbsp;<\/p>\n<p style=\"text-align: center;\">100 % Bienenwachs<\/p>\n<p>&nbsp;<\/p>\n<p><img loading=\"lazy\" decoding=\"async\" class=\"size-medium wp-image-821 aligncenter\" src=\"https:\/\/demiparati.ch\/wp-content\/uploads\/2024\/01\/20240108_163045-225x300.jpg\" alt=\"\" width=\"225\" height=\"300\" srcset=\"https:\/\/demiparati.ch\/wp-content\/uploads\/2024\/01\/20240108_163045-225x300.jpg 225w, https:\/\/demiparati.ch\/wp-content\/uploads\/2024\/01\/20240108_163045-768x1024.jpg 768w, https:\/\/demiparati.ch\/wp-content\/uploads\/2024\/01\/20240108_163045-1152x1536.jpg 1152w, https:\/\/demiparati.ch\/wp-content\/uploads\/2024\/01\/20240108_163045-1536x2048.jpg 1536w, https:\/\/demiparati.ch\/wp-content\/uploads\/2024\/01\/20240108_163045-600x800.jpg 600w, https:\/\/demiparati.ch\/wp-content\/uploads\/2024\/01\/20240108_163045-scaled.jpg 1920w\" sizes=\"auto, (max-width: 225px) 100vw, 225px\" \/><\/p>\n<p>&nbsp;<\/p>\n<p style=\"text-align: center;\">Nat\u00fcrliche Aroma\u00f6le.<\/p>\n<p>&nbsp;<\/p>\n<p><img loading=\"lazy\" decoding=\"async\" class=\"size-medium wp-image-819 aligncenter\" src=\"https:\/\/demiparati.ch\/wp-content\/uploads\/2024\/01\/20240108_162936-225x300.jpg\" alt=\"\" width=\"225\" height=\"300\" srcset=\"https:\/\/demiparati.ch\/wp-content\/uploads\/2024\/01\/20240108_162936-225x300.jpg 225w, https:\/\/demiparati.ch\/wp-content\/uploads\/2024\/01\/20240108_162936-768x1024.jpg 768w, https:\/\/demiparati.ch\/wp-content\/uploads\/2024\/01\/20240108_162936-1152x1536.jpg 1152w, https:\/\/demiparati.ch\/wp-content\/uploads\/2024\/01\/20240108_162936-1536x2048.jpg 1536w, https:\/\/demiparati.ch\/wp-content\/uploads\/2024\/01\/20240108_162936-600x800.jpg 600w, https:\/\/demiparati.ch\/wp-content\/uploads\/2024\/01\/20240108_162936-scaled.jpg 1920w\" sizes=\"auto, (max-width: 225px) 100vw, 225px\" \/><\/p>\n<p>&nbsp;<\/p>\n<p><img loading=\"lazy\" decoding=\"async\" class=\"size-medium wp-image-822 aligncenter\" src=\"https:\/\/demiparati.ch\/wp-content\/uploads\/2024\/01\/20240108_163232-225x300.jpg\" alt=\"\" width=\"225\" height=\"300\" srcset=\"https:\/\/demiparati.ch\/wp-content\/uploads\/2024\/01\/20240108_163232-225x300.jpg 225w, https:\/\/demiparati.ch\/wp-content\/uploads\/2024\/01\/20240108_163232-768x1024.jpg 768w, https:\/\/demiparati.ch\/wp-content\/uploads\/2024\/01\/20240108_163232-1152x1536.jpg 1152w, https:\/\/demiparati.ch\/wp-content\/uploads\/2024\/01\/20240108_163232-1536x2048.jpg 1536w, https:\/\/demiparati.ch\/wp-content\/uploads\/2024\/01\/20240108_163232-600x800.jpg 600w, https:\/\/demiparati.ch\/wp-content\/uploads\/2024\/01\/20240108_163232-scaled.jpg 1920w\" sizes=\"auto, (max-width: 225px) 100vw, 225px\" \/><\/p>\n<p>&nbsp;<\/p>\n<p><img loading=\"lazy\" decoding=\"async\" class=\"size-medium wp-image-824 aligncenter\" src=\"https:\/\/demiparati.ch\/wp-content\/uploads\/2024\/01\/20240108_162822-225x300.jpg\" alt=\"\" width=\"225\" height=\"300\" srcset=\"https:\/\/demiparati.ch\/wp-content\/uploads\/2024\/01\/20240108_162822-225x300.jpg 225w, https:\/\/demiparati.ch\/wp-content\/uploads\/2024\/01\/20240108_162822-768x1024.jpg 768w, https:\/\/demiparati.ch\/wp-content\/uploads\/2024\/01\/20240108_162822-1152x1536.jpg 1152w, https:\/\/demiparati.ch\/wp-content\/uploads\/2024\/01\/20240108_162822-1536x2048.jpg 1536w, https:\/\/demiparati.ch\/wp-content\/uploads\/2024\/01\/20240108_162822-600x800.jpg 600w, https:\/\/demiparati.ch\/wp-content\/uploads\/2024\/01\/20240108_162822-scaled.jpg 1920w\" sizes=\"auto, (max-width: 225px) 100vw, 225px\" \/><\/p>\n<p>&nbsp;<\/p>\n<p style=\"text-align: center;\">Cash oder Twint<\/p>\n<p style=\"text-align: center;\">Um einen Termin zu vereinbaren , senden Sie bitte:<br \/>\nwhatsapp\u00a0<strong>+41 79 880 6006<\/strong><br \/>\nemail :\u00a0<strong>carolina@demiparati.ch<\/strong><\/p>\n","protected":false},"excerpt":{"rendered":"<p>Handgefertigte Kerzen Preise zwischen CHF 7.- und CHF 15.- Recycelte Gl\u00e4ser &nbsp; &nbsp; 100 % Bienenwachs &nbsp; &nbsp; Nat\u00fcrliche Aroma\u00f6le. &nbsp; &nbsp; &nbsp; &nbsp; Cash oder Twint Um einen Termin zu vereinbaren , senden Sie bitte: whatsapp\u00a0+41 79 880 6006 email :\u00a0carolina@demiparati.ch<\/p>\n","protected":false},"author":1,"featured_media":818,"parent":0,"menu_order":0,"comment_status":"closed","ping_status":"closed","template":"","meta":{"footnotes":""},"class_list":["post-792","page","type-page","status-publish","has-post-thumbnail","hentry"],"_links":{"self":[{"href":"https:\/\/demiparati.ch\/index.php?rest_route=\/wp\/v2\/pages\/792","targetHints":{"allow":["GET"]}}],"collection":[{"href":"https:\/\/demiparati.ch\/index.php?rest_route=\/wp\/v2\/pages"}],"about":[{"href":"https:\/\/demiparati.ch\/index.php?rest_route=\/wp\/v2\/types\/page"}],"author":[{"embeddable":true,"href":"https:\/\/demiparati.ch\/index.php?rest_route=\/wp\/v2\/users\/1"}],"replies":[{"embeddable":true,"href":"https:\/\/demiparati.ch\/index.php?rest_route=%2Fwp%2Fv2%2Fcomments&post=792"}],"version-history":[{"count":7,"href":"https:\/\/demiparati.ch\/index.php?rest_route=\/wp\/v2\/pages\/792\/revisions"}],"predecessor-version":[{"id":927,"href":"https:\/\/demiparati.ch\/index.php?rest_route=\/wp\/v2\/pages\/792\/revisions\/927"}],"wp:featuredmedia":[{"embeddable":true,"href":"https:\/\/demiparati.ch\/index.php?rest_route=\/wp\/v2\/media\/818"}],"wp:attachment":[{"href":"https:\/\/demiparati.ch\/index.php?rest_route=%2Fwp%2Fv2%2Fmedia&parent=792"}],"curies":[{"name":"wp","href":"https:\/\/api.w.org\/{rel}","templated":true}]}}