{"id":771,"date":"2024-01-14T21:10:56","date_gmt":"2024-01-14T21:10:56","guid":{"rendered":"https:\/\/demiparati.ch\/?page_id=771"},"modified":"2024-01-23T12:29:16","modified_gmt":"2024-01-23T12:29:16","slug":"products-2","status":"publish","type":"page","link":"https:\/\/demiparati.ch\/?page_id=771","title":{"rendered":"Produkte"},"content":{"rendered":"<p><a href=\"https:\/\/demiparati.ch\/?page_id=783\">Decoupage<\/a><\/p>\n<p><a href=\"https:\/\/demiparati.ch\/?page_id=786\">Handgewebte Schals<\/a><\/p>\n<p><a href=\"https:\/\/demiparati.ch\/?page_id=792\">Kerzen aus 100% Bienen Wachs<\/a><\/p>\n<p><a href=\"https:\/\/demiparati.ch\/?page_id=780\">Schmuck<\/a><\/p>\n<p><a href=\"https:\/\/demiparati.ch\/?page_id=789\">Tischl\u00e4ufer<\/a><\/p>\n<p><a href=\"https:\/\/demiparati.ch\/?page_id=808\">Cashmere und Pashmina<\/a><\/p>\n<p><a href=\"https:\/\/demiparati.ch\/?page_id=1027\"> Handgefertigte Taschen mit Originalgem\u00e4lden<\/a><\/p>\n<p><a href=\"https:\/\/demiparati.ch\/?page_id=1032\">\u00d6l- und Acrylleinwand<\/a>&nbsp;<\/p>\n","protected":false},"excerpt":{"rendered":"<p>Decoupage Handgewebte Schals Kerzen aus 100% Bienen Wachs Schmuck Tischl\u00e4ufer Cashmere und Pashmina Handgefertigte Taschen mit Originalgem\u00e4lden \u00d6l- und Acrylleinwand&nbsp;<\/p>\n","protected":false},"author":1,"featured_media":0,"parent":0,"menu_order":0,"comment_status":"closed","ping_status":"closed","template":"","meta":{"footnotes":""},"class_list":["post-771","page","type-page","status-publish","hentry"],"_links":{"self":[{"href":"https:\/\/demiparati.ch\/index.php?rest_route=\/wp\/v2\/pages\/771","targetHints":{"allow":["GET"]}}],"collection":[{"href":"https:\/\/demiparati.ch\/index.php?rest_route=\/wp\/v2\/pages"}],"about":[{"href":"https:\/\/demiparati.ch\/index.php?rest_route=\/wp\/v2\/types\/page"}],"author":[{"embeddable":true,"href":"https:\/\/demiparati.ch\/index.php?rest_route=\/wp\/v2\/users\/1"}],"replies":[{"embeddable":true,"href":"https:\/\/demiparati.ch\/index.php?rest_route=%2Fwp%2Fv2%2Fcomments&post=771"}],"version-history":[{"count":13,"href":"https:\/\/demiparati.ch\/index.php?rest_route=\/wp\/v2\/pages\/771\/revisions"}],"predecessor-version":[{"id":1039,"href":"https:\/\/demiparati.ch\/index.php?rest_route=\/wp\/v2\/pages\/771\/revisions\/1039"}],"wp:attachment":[{"href":"https:\/\/demiparati.ch\/index.php?rest_route=%2Fwp%2Fv2%2Fmedia&parent=771"}],"curies":[{"name":"wp","href":"https:\/\/api.w.org\/{rel}","templated":true}]}}