{"id":723,"date":"2024-01-14T19:01:01","date_gmt":"2024-01-14T19:01:01","guid":{"rendered":"https:\/\/demiparati.ch\/?page_id=723"},"modified":"2024-01-14T20:01:26","modified_gmt":"2024-01-14T20:01:26","slug":"cashmere-und-pashmina-aus-nepal","status":"publish","type":"page","link":"https:\/\/demiparati.ch\/?page_id=723","title":{"rendered":"Cashmere und Pashmina aus Nepal"},"content":{"rendered":"<p>We want to intoduce, 100% Natural wool fabrics, of the best quality from a non-profit organization established in<br \/>\n2015 with the vision to employ differently-abled individuals, marginal groups, and single mothers to<br \/>\nproduce quality pashmina wears. We have been doing this for more then 8 years now during which we have trained countless individuals and equipped them with employable skills. Based in Pokhara, we provide a special place for those special people, all thewhile promoting Nepal made products and contributing to the economy of the country.<br \/>\nOur collections of natural and classic cashmere and Pashmina products are crafted with care and skill<br \/>\nby the specially-abled people of Nepal, all of which are handmade, 100% natural, and carbon-free.<br \/>\nMade from quality wool.<\/p>\n<p>_______________________________________________________________________________________________________________________<\/p>\n<p>Wir m\u00f6chten 100 % nat\u00fcrliche Wollstoffe von bester Qualit\u00e4t von einer gemeinn\u00fctzigen Organisation mit Sitz in einf\u00fchren<br \/>\n2015 mit der Vision, Menschen mit Behinderungen, Randgruppen und alleinerziehende M\u00fctter zu besch\u00e4ftigen<br \/>\nWir produzieren hochwertige Pashmina-Kleidung. Wir tun dies nun schon seit mehr als 8 Jahren und haben in dieser Zeit unz\u00e4hlige Menschen geschult und sie mit berufsqualifizierenden F\u00e4higkeiten ausgestattet. Mit Sitz in Pokhara bieten wir diesen besonderen Menschen einen besonderen Ort, f\u00f6rdern gleichzeitig in Nepal hergestellte Produkte und leisten einen Beitrag zur Wirtschaft des Landes.<br \/>\nUnsere Kollektionen aus nat\u00fcrlichen und klassischen Kaschmir- und Pashmina-Produkten werden mit Sorgfalt und K\u00f6nnen gefertigtvon den behinderten Menschen Nepals hergestellt, alle handgefertigt, 100 % nat\u00fcrlich und kohlenstofffrei.<br \/>\nHergestellt aus hochwertiger Wolle.<\/p>\n","protected":false},"excerpt":{"rendered":"<p>We want to intoduce, 100% Natural wool fabrics, of the best quality from a non-profit organization established in 2015 with the vision to employ differently-abled individuals, marginal groups, and single mothers to produce quality pashmina wears. We have been doing this for more then 8 years now during which we have trained countless individuals and&hellip;<\/p>\n","protected":false},"author":1,"featured_media":711,"parent":126,"menu_order":0,"comment_status":"closed","ping_status":"closed","template":"","meta":{"footnotes":""},"class_list":["post-723","page","type-page","status-publish","has-post-thumbnail","hentry"],"_links":{"self":[{"href":"https:\/\/demiparati.ch\/index.php?rest_route=\/wp\/v2\/pages\/723","targetHints":{"allow":["GET"]}}],"collection":[{"href":"https:\/\/demiparati.ch\/index.php?rest_route=\/wp\/v2\/pages"}],"about":[{"href":"https:\/\/demiparati.ch\/index.php?rest_route=\/wp\/v2\/types\/page"}],"author":[{"embeddable":true,"href":"https:\/\/demiparati.ch\/index.php?rest_route=\/wp\/v2\/users\/1"}],"replies":[{"embeddable":true,"href":"https:\/\/demiparati.ch\/index.php?rest_route=%2Fwp%2Fv2%2Fcomments&post=723"}],"version-history":[{"count":1,"href":"https:\/\/demiparati.ch\/index.php?rest_route=\/wp\/v2\/pages\/723\/revisions"}],"predecessor-version":[{"id":726,"href":"https:\/\/demiparati.ch\/index.php?rest_route=\/wp\/v2\/pages\/723\/revisions\/726"}],"up":[{"embeddable":true,"href":"https:\/\/demiparati.ch\/index.php?rest_route=\/wp\/v2\/pages\/126"}],"wp:featuredmedia":[{"embeddable":true,"href":"https:\/\/demiparati.ch\/index.php?rest_route=\/wp\/v2\/media\/711"}],"wp:attachment":[{"href":"https:\/\/demiparati.ch\/index.php?rest_route=%2Fwp%2Fv2%2Fmedia&parent=723"}],"curies":[{"name":"wp","href":"https:\/\/api.w.org\/{rel}","templated":true}]}}