{"id":342,"date":"2023-11-08T18:32:33","date_gmt":"2023-11-08T18:32:33","guid":{"rendered":"https:\/\/demiparati.ch\/?page_id=342"},"modified":"2024-01-14T20:04:40","modified_gmt":"2024-01-14T20:04:40","slug":"handgewebt-aus-naturfasern","status":"publish","type":"page","link":"https:\/\/demiparati.ch\/?page_id=342","title":{"rendered":"Handgewebt aus Naturfasern"},"content":{"rendered":"<p id=\"tw-target-text\" class=\"tw-data-text tw-text-large tw-ta\" dir=\"ltr\" data-placeholder=\"Traducci\u00f3n\" data-ved=\"2ahUKEwjHyuO6obmCAxXJAewKHXStCJgQ3ewLegQIBRAQ\"><span class=\"Y2IQFc\" lang=\"de\">Alle unsere Stoffe werden aus nat\u00fcrlicher Wolle und Baumwolle handgefertigt. <\/span><\/p>\n<p class=\"tw-data-text tw-text-large tw-ta\" dir=\"ltr\" data-placeholder=\"Traducci\u00f3n\" data-ved=\"2ahUKEwjHyuO6obmCAxXJAewKHXStCJgQ3ewLegQIBRAQ\"><span class=\"Y2IQFc\" lang=\"de\">Wir kreieren Unikate in verschiedenen Farben und Designs.<\/span><\/p>\n<p id=\"tw-target-text\" class=\"tw-data-text tw-text-large tw-ta\" dir=\"ltr\" data-placeholder=\"Traducci\u00f3n\" data-ved=\"2ahUKEwjHyuO6obmCAxXJAewKHXStCJgQ3ewLegQIBRAQ\"><span class=\"Y2IQFc\" lang=\"de\">Sie k\u00f6nnen Ihr Zuhause mit Tischl\u00e4ufern, T\u00fcchern und Decken erg\u00e4nzen. Wir haben auch St\u00fccke, die Sie stricken k\u00f6nnen, um sie zu tragen, wie zum Beispiel Handtaschen, Ponchos, T-Shirts und Schals.<\/span><\/p>\n<p><img loading=\"lazy\" decoding=\"async\" class=\"aligncenter wp-image-410 size-full\" src=\"https:\/\/demiparati.ch\/wp-content\/uploads\/2023\/11\/Photo-Collage-Maker_2023_11_10_01_35_58-scaled.jpg\" alt=\"\" width=\"2560\" height=\"2441\" srcset=\"https:\/\/demiparati.ch\/wp-content\/uploads\/2023\/11\/Photo-Collage-Maker_2023_11_10_01_35_58-scaled.jpg 2560w, https:\/\/demiparati.ch\/wp-content\/uploads\/2023\/11\/Photo-Collage-Maker_2023_11_10_01_35_58-300x286.jpg 300w, https:\/\/demiparati.ch\/wp-content\/uploads\/2023\/11\/Photo-Collage-Maker_2023_11_10_01_35_58-1024x976.jpg 1024w, https:\/\/demiparati.ch\/wp-content\/uploads\/2023\/11\/Photo-Collage-Maker_2023_11_10_01_35_58-768x732.jpg 768w, https:\/\/demiparati.ch\/wp-content\/uploads\/2023\/11\/Photo-Collage-Maker_2023_11_10_01_35_58-1536x1464.jpg 1536w, https:\/\/demiparati.ch\/wp-content\/uploads\/2023\/11\/Photo-Collage-Maker_2023_11_10_01_35_58-2048x1953.jpg 2048w, https:\/\/demiparati.ch\/wp-content\/uploads\/2023\/11\/Photo-Collage-Maker_2023_11_10_01_35_58-600x572.jpg 600w\" sizes=\"auto, (max-width: 2560px) 100vw, 2560px\" \/><img loading=\"lazy\" decoding=\"async\" class=\"aligncenter wp-image-409 size-full\" src=\"https:\/\/demiparati.ch\/wp-content\/uploads\/2023\/11\/chal-cafe-moro-scaled.jpg\" alt=\"\" width=\"2560\" height=\"2461\" srcset=\"https:\/\/demiparati.ch\/wp-content\/uploads\/2023\/11\/chal-cafe-moro-scaled.jpg 2560w, https:\/\/demiparati.ch\/wp-content\/uploads\/2023\/11\/chal-cafe-moro-300x288.jpg 300w, https:\/\/demiparati.ch\/wp-content\/uploads\/2023\/11\/chal-cafe-moro-1024x984.jpg 1024w, https:\/\/demiparati.ch\/wp-content\/uploads\/2023\/11\/chal-cafe-moro-768x738.jpg 768w, https:\/\/demiparati.ch\/wp-content\/uploads\/2023\/11\/chal-cafe-moro-1536x1476.jpg 1536w, https:\/\/demiparati.ch\/wp-content\/uploads\/2023\/11\/chal-cafe-moro-2048x1969.jpg 2048w, https:\/\/demiparati.ch\/wp-content\/uploads\/2023\/11\/chal-cafe-moro-600x577.jpg 600w\" sizes=\"auto, (max-width: 2560px) 100vw, 2560px\" \/><\/p>\n<div id=\"attachment_411\" style=\"width: 651px\" class=\"wp-caption aligncenter\"><img loading=\"lazy\" decoding=\"async\" aria-describedby=\"caption-attachment-411\" class=\"wp-image-411 size-full\" src=\"https:\/\/demiparati.ch\/wp-content\/uploads\/2023\/11\/polera.jpg\" alt=\"\" width=\"641\" height=\"514\" srcset=\"https:\/\/demiparati.ch\/wp-content\/uploads\/2023\/11\/polera.jpg 641w, https:\/\/demiparati.ch\/wp-content\/uploads\/2023\/11\/polera-300x241.jpg 300w, https:\/\/demiparati.ch\/wp-content\/uploads\/2023\/11\/polera-600x481.jpg 600w\" sizes=\"auto, (max-width: 641px) 100vw, 641px\" \/><p id=\"caption-attachment-411\" class=\"wp-caption-text\">IMG-20230928-WA0008<\/p><\/div>\n<p><img loading=\"lazy\" decoding=\"async\" class=\"aligncenter wp-image-413 size-full\" src=\"https:\/\/demiparati.ch\/wp-content\/uploads\/2023\/11\/Schal-senf.jpg\" alt=\"\" width=\"910\" height=\"861\" srcset=\"https:\/\/demiparati.ch\/wp-content\/uploads\/2023\/11\/Schal-senf.jpg 910w, https:\/\/demiparati.ch\/wp-content\/uploads\/2023\/11\/Schal-senf-300x284.jpg 300w, https:\/\/demiparati.ch\/wp-content\/uploads\/2023\/11\/Schal-senf-768x727.jpg 768w, https:\/\/demiparati.ch\/wp-content\/uploads\/2023\/11\/Schal-senf-600x568.jpg 600w\" sizes=\"auto, (max-width: 910px) 100vw, 910px\" \/><\/p>\n<p><a href=\"https:\/\/demiparati.ch\/?page_id=723\">Cashmere und Pashmina aus Nepal <\/a><\/p>\n","protected":false},"excerpt":{"rendered":"<p>Alle unsere Stoffe werden aus nat\u00fcrlicher Wolle und Baumwolle handgefertigt. Wir kreieren Unikate in verschiedenen Farben und Designs. Sie k\u00f6nnen Ihr Zuhause mit Tischl\u00e4ufern, T\u00fcchern und Decken erg\u00e4nzen. Wir haben auch St\u00fccke, die Sie stricken k\u00f6nnen, um sie zu tragen, wie zum Beispiel Handtaschen, Ponchos, T-Shirts und Schals. Cashmere und Pashmina aus Nepal<\/p>\n","protected":false},"author":1,"featured_media":407,"parent":126,"menu_order":3,"comment_status":"closed","ping_status":"closed","template":"","meta":{"footnotes":""},"class_list":["post-342","page","type-page","status-publish","has-post-thumbnail","hentry"],"_links":{"self":[{"href":"https:\/\/demiparati.ch\/index.php?rest_route=\/wp\/v2\/pages\/342","targetHints":{"allow":["GET"]}}],"collection":[{"href":"https:\/\/demiparati.ch\/index.php?rest_route=\/wp\/v2\/pages"}],"about":[{"href":"https:\/\/demiparati.ch\/index.php?rest_route=\/wp\/v2\/types\/page"}],"author":[{"embeddable":true,"href":"https:\/\/demiparati.ch\/index.php?rest_route=\/wp\/v2\/users\/1"}],"replies":[{"embeddable":true,"href":"https:\/\/demiparati.ch\/index.php?rest_route=%2Fwp%2Fv2%2Fcomments&post=342"}],"version-history":[{"count":12,"href":"https:\/\/demiparati.ch\/index.php?rest_route=\/wp\/v2\/pages\/342\/revisions"}],"predecessor-version":[{"id":754,"href":"https:\/\/demiparati.ch\/index.php?rest_route=\/wp\/v2\/pages\/342\/revisions\/754"}],"up":[{"embeddable":true,"href":"https:\/\/demiparati.ch\/index.php?rest_route=\/wp\/v2\/pages\/126"}],"wp:featuredmedia":[{"embeddable":true,"href":"https:\/\/demiparati.ch\/index.php?rest_route=\/wp\/v2\/media\/407"}],"wp:attachment":[{"href":"https:\/\/demiparati.ch\/index.php?rest_route=%2Fwp%2Fv2%2Fmedia&parent=342"}],"curies":[{"name":"wp","href":"https:\/\/api.w.org\/{rel}","templated":true}]}}