{"id":128,"date":"2023-07-12T13:18:31","date_gmt":"2023-07-12T13:18:31","guid":{"rendered":"https:\/\/demiparati.ch\/?page_id=128"},"modified":"2024-01-23T12:17:56","modified_gmt":"2024-01-23T12:17:56","slug":"uber-uns","status":"publish","type":"page","link":"https:\/\/demiparati.ch\/?page_id=128","title":{"rendered":"\u00dcber uns"},"content":{"rendered":"<blockquote>\n<h3 style=\"text-align: center;\"><strong>Veronica Ragusa<\/strong><\/h3>\n<\/blockquote>\n<p style=\"text-align: center;\"><a href=\"http:\/\/aromaevita.ch\/aromaevita\/?page_id=8\" target=\"_blank\" rel=\"noopener\">Aroma e Vita <\/a><\/p>\n<p>&nbsp;<\/p>\n<blockquote>\n<h3 style=\"text-align: center;\"><strong>Yasmina Hamido<\/strong><\/h3>\n<\/blockquote>\n<p style=\"text-align: center;\">Ausbildung\/ Fortbildungen<br \/>\nDiplomierte Pflegefachfrau (HF) 2007<br \/>\nBiomagnetismus 2016<br \/>\nPrana Healing 2017<br \/>\nCode Lemuria 2018<br \/>\nKlassische Massage 2020<br \/>\nKinesiologie &#8220;Matrix in Balance&#8221; 2021<\/p>\n<p style=\"text-align: center;\"><em>Mein Schwerpunkt ist die Technik &#8220;Code Lemuria&#8221;. Das ist eine uralte bioenergetische Technik aus Polynesien, mit welcher die Verbindung mit der Erde sowie Ihrem Geist verst\u00e4rkt wird. Sie ist sehr hilfreich in F\u00e4llen von beispielsweise Schlafst\u00f6rung (Insomnia), physischen Problemen mit emotionaler Ursache, Panik, Phobien, Traumata, Stress.<\/em><\/p>\n<p style=\"text-align: center;\"><em>Du bekommst eine vollumf\u00e4nglich energetische Reinigung sowie einen entsprechenden Schutz. Eine Wege-\u00d3ffnung in Deine Projekte ist ebenfalls m\u00f6glich.<\/em><\/p>\n<p style=\"text-align: center;\"><em>Folgende Techniken kann ich dir anbieten<\/em><\/p>\n<p style=\"text-align: center;\"><strong><em>Kinesiologie &#8220;Matrix in Balance&#8221;<\/em><\/strong><br \/>\n<strong><em>Heilung mit Steinen<\/em><\/strong><br \/>\n<strong><em>Fernbehandlungen<\/em><\/strong><\/p>\n<p style=\"text-align: center;\"><em>Ich freue mich, Dich auf Deinem Lebensweg begleiten zu d\u00fcrfen.<\/em><br \/>\n\u200b\u200b\u200b<\/p>\n<h3 style=\"text-align: center;\"><strong>Eliana W\u00fcest<\/strong><\/h3>\n<p><a href=\"https:\/\/demiparati.ch\/?page_id=130\">Noch Fragen ?<\/a><\/p>\n","protected":false},"excerpt":{"rendered":"<p>Veronica Ragusa Aroma e Vita &nbsp; Yasmina Hamido Ausbildung\/ Fortbildungen Diplomierte Pflegefachfrau (HF) 2007 Biomagnetismus 2016 Prana Healing 2017 Code Lemuria 2018 Klassische Massage 2020 Kinesiologie &#8220;Matrix in Balance&#8221; 2021 Mein Schwerpunkt ist die Technik &#8220;Code Lemuria&#8221;. Das ist eine uralte bioenergetische Technik aus Polynesien, mit welcher die Verbindung mit der Erde sowie Ihrem Geist&hellip;<\/p>\n","protected":false},"author":1,"featured_media":0,"parent":0,"menu_order":0,"comment_status":"closed","ping_status":"closed","template":"","meta":{"footnotes":""},"class_list":["post-128","page","type-page","status-publish","hentry"],"_links":{"self":[{"href":"https:\/\/demiparati.ch\/index.php?rest_route=\/wp\/v2\/pages\/128","targetHints":{"allow":["GET"]}}],"collection":[{"href":"https:\/\/demiparati.ch\/index.php?rest_route=\/wp\/v2\/pages"}],"about":[{"href":"https:\/\/demiparati.ch\/index.php?rest_route=\/wp\/v2\/types\/page"}],"author":[{"embeddable":true,"href":"https:\/\/demiparati.ch\/index.php?rest_route=\/wp\/v2\/users\/1"}],"replies":[{"embeddable":true,"href":"https:\/\/demiparati.ch\/index.php?rest_route=%2Fwp%2Fv2%2Fcomments&post=128"}],"version-history":[{"count":8,"href":"https:\/\/demiparati.ch\/index.php?rest_route=\/wp\/v2\/pages\/128\/revisions"}],"predecessor-version":[{"id":877,"href":"https:\/\/demiparati.ch\/index.php?rest_route=\/wp\/v2\/pages\/128\/revisions\/877"}],"wp:attachment":[{"href":"https:\/\/demiparati.ch\/index.php?rest_route=%2Fwp%2Fv2%2Fmedia&parent=128"}],"curies":[{"name":"wp","href":"https:\/\/api.w.org\/{rel}","templated":true}]}}