{"id":126,"date":"2023-07-12T13:17:58","date_gmt":"2023-07-12T13:17:58","guid":{"rendered":"https:\/\/demiparati.ch\/?page_id=126"},"modified":"2024-01-14T20:02:47","modified_gmt":"2024-01-14T20:02:47","slug":"was-bieten-wir-an","status":"publish","type":"page","link":"https:\/\/demiparati.ch\/?page_id=126","title":{"rendered":"Was bieten wir an"},"content":{"rendered":"<p>Alle unsere Produkte und Dienstleistungen werden von uns selbst hergestellt, wobei wir versuchen, ihren handwerklichen Ursprung zu bewahren, die Umwelt zu schonen und nat\u00fcrliche und biologische Komponenten zu verwenden. Ziel ist es, eine Lebensqualit\u00e4t zu schaffen, von der die Menschen k\u00f6rperlich, geistig und emotional profitieren und die die Natur so wenig wie m\u00f6glich belastet.<\/p>\n<p>Hier finden Sie Spezialisten in den verschiedenen ganzheitlichen Disziplinen, alle mit einem bestimmten Ziel: einen besonderen Service f\u00fcr einen einzigartigen Moment anzubieten.<\/p>\n<p>Oberstes Ziel ist es, das Beste zum Wohle der Menschheit zu liefern. Wir bewirken bis heute eine Ver\u00e4nderung in der Art und Weise, wie wir die Welt sehen.<\/p>\n<p><a href=\"https:\/\/demiparati.ch\/?page_id=122\" target=\"_blank\" rel=\"noopener\">Angebote<\/a><\/p>\n<p><a href=\"https:\/\/demiparati.ch\/?page_id=342\">Handgewebt aus Naturfasern<\/a><\/p>\n<p><a href=\"https:\/\/demiparati.ch\/?page_id=723\">Cashmere und Pashmina aus Nepal<\/a><\/p>\n","protected":false},"excerpt":{"rendered":"<p>Alle unsere Produkte und Dienstleistungen werden von uns selbst hergestellt, wobei wir versuchen, ihren handwerklichen Ursprung zu bewahren, die Umwelt zu schonen und nat\u00fcrliche und biologische Komponenten zu verwenden. Ziel ist es, eine Lebensqualit\u00e4t zu schaffen, von der die Menschen k\u00f6rperlich, geistig und emotional profitieren und die die Natur so wenig wie m\u00f6glich belastet. Hier&hellip;<\/p>\n","protected":false},"author":1,"featured_media":0,"parent":0,"menu_order":0,"comment_status":"closed","ping_status":"closed","template":"","meta":{"footnotes":""},"class_list":["post-126","page","type-page","status-publish","hentry"],"_links":{"self":[{"href":"https:\/\/demiparati.ch\/index.php?rest_route=\/wp\/v2\/pages\/126","targetHints":{"allow":["GET"]}}],"collection":[{"href":"https:\/\/demiparati.ch\/index.php?rest_route=\/wp\/v2\/pages"}],"about":[{"href":"https:\/\/demiparati.ch\/index.php?rest_route=\/wp\/v2\/types\/page"}],"author":[{"embeddable":true,"href":"https:\/\/demiparati.ch\/index.php?rest_route=\/wp\/v2\/users\/1"}],"replies":[{"embeddable":true,"href":"https:\/\/demiparati.ch\/index.php?rest_route=%2Fwp%2Fv2%2Fcomments&post=126"}],"version-history":[{"count":7,"href":"https:\/\/demiparati.ch\/index.php?rest_route=\/wp\/v2\/pages\/126\/revisions"}],"predecessor-version":[{"id":757,"href":"https:\/\/demiparati.ch\/index.php?rest_route=\/wp\/v2\/pages\/126\/revisions\/757"}],"wp:attachment":[{"href":"https:\/\/demiparati.ch\/index.php?rest_route=%2Fwp%2Fv2%2Fmedia&parent=126"}],"curies":[{"name":"wp","href":"https:\/\/api.w.org\/{rel}","templated":true}]}}